{"id":2771,"date":"2025-11-11T08:03:27","date_gmt":"2025-11-11T11:03:27","guid":{"rendered":"https:\/\/consepro.com.br\/?page_id=2771"},"modified":"2025-11-15T10:02:37","modified_gmt":"2025-11-15T13:02:37","slug":"seguros-para-pessoas","status":"publish","type":"page","link":"https:\/\/consepro.com.br\/en\/seguros-para-pessoas\/","title":{"rendered":"Personal Insurance"},"content":{"rendered":"<div data-elementor-type=\"wp-page\" data-elementor-id=\"2771\" class=\"elementor elementor-2771\" data-elementor-post-type=\"page\">\n\t\t\t\t\t\t<section class=\"elementor-section elementor-top-section elementor-element elementor-element-1523c322 elementor-section-full_width elementor-section-height-default elementor-section-height-default\" data-id=\"1523c322\" data-element_type=\"section\" data-settings=\"{&quot;ekit_has_onepagescroll_dot&quot;:&quot;yes&quot;}\">\n\t\t\t\t\t\t<div class=\"elementor-container elementor-column-gap-no\">\n\t\t\t\t\t<div class=\"elementor-column elementor-col-100 elementor-top-column elementor-element elementor-element-17d87e38\" data-id=\"17d87e38\" data-element_type=\"column\">\n\t\t\t<div class=\"elementor-widget-wrap elementor-element-populated\">\n\t\t\t\t\t\t\t<\/div>\n\t\t<\/div>\n\t\t\t\t\t<\/div>\n\t\t<\/section>\n\t\t\t\t<section class=\"elementor-section elementor-top-section elementor-element elementor-element-2aa118c8 elementor-section-boxed elementor-section-height-default elementor-section-height-default\" data-id=\"2aa118c8\" data-element_type=\"section\" id=\"hero-top\" data-settings=\"{&quot;background_background&quot;:&quot;classic&quot;,&quot;ekit_has_onepagescroll_dot&quot;:&quot;yes&quot;}\">\n\t\t\t\t\t\t<div class=\"elementor-container elementor-column-gap-no\">\n\t\t\t\t\t<div class=\"elementor-column elementor-col-100 elementor-top-column elementor-element elementor-element-2e6ff95d\" data-id=\"2e6ff95d\" data-element_type=\"column\">\n\t\t\t<div class=\"elementor-widget-wrap elementor-element-populated\">\n\t\t\t\t\t\t<section class=\"elementor-section elementor-inner-section elementor-element elementor-element-752258f6 elementor-section-boxed elementor-section-height-default elementor-section-height-default\" data-id=\"752258f6\" data-element_type=\"section\" data-settings=\"{&quot;ekit_has_onepagescroll_dot&quot;:&quot;yes&quot;}\">\n\t\t\t\t\t\t<div class=\"elementor-container elementor-column-gap-default\">\n\t\t\t\t\t<div class=\"elementor-column elementor-col-50 elementor-inner-column elementor-element elementor-element-57407cf4\" data-id=\"57407cf4\" data-element_type=\"column\">\n\t\t\t<div class=\"elementor-widget-wrap elementor-element-populated\">\n\t\t\t\t\t\t<div class=\"elementor-element elementor-element-30c4b6c4 elementor-widget elementor-widget-heading\" data-id=\"30c4b6c4\" data-element_type=\"widget\" data-settings=\"{&quot;ekit_we_effect_on&quot;:&quot;none&quot;}\" data-widget_type=\"heading.default\">\n\t\t\t\t<div class=\"elementor-widget-container\">\n\t\t\t\t\t<h1 class=\"elementor-heading-title elementor-size-default\">Personal Insurance<\/h1>\t\t\t\t<\/div>\n\t\t\t\t<\/div>\n\t\t\t\t\t<\/div>\n\t\t<\/div>\n\t\t\t\t<div class=\"elementor-column elementor-col-50 elementor-inner-column elementor-element elementor-element-68837838\" data-id=\"68837838\" data-element_type=\"column\">\n\t\t\t<div class=\"elementor-widget-wrap\">\n\t\t\t\t\t\t\t<\/div>\n\t\t<\/div>\n\t\t\t\t\t<\/div>\n\t\t<\/section>\n\t\t\t\t<div class=\"elementor-element elementor-element-b5eb494 elementor-widget elementor-widget-elementskit-popup-modal\" data-id=\"b5eb494\" data-element_type=\"widget\" data-settings=\"{&quot;ekit_we_effect_on&quot;:&quot;none&quot;}\" data-widget_type=\"elementskit-popup-modal.default\">\n\t\t\t\t<div class=\"elementor-widget-container\">\n\t\t\t\t\t<div class=\"ekit-wid-con\" >        <!-- Start Markup -->\n                            <div class='ekit-popup-modal__toggler-wrapper'>\n                    <!-- Button trigger modal -->\n                    <button \n                        type=\"button\" \n                        class=\"elementskit-btn ekit-popup-btn ekit-popup-btn__filled ekit-popup__toggler ekit-popup-modal-toggler whitespace--normal\" \n                        data-toggle=\"modal\" \n                        data-target=\"#ekit-popup-modal\"\n                        id=\"ekit-popup-modal-toggler\"\n                    >\n                                                    <div class='ekit-popup-btn__has-icon'>\n                                <i aria-hidden=\"true\" class=\"icon icon-play1\"><\/i>                                Auto Insurance\n                                                            <\/div>\n                                            <\/button>\n                <\/div>\n            \n            <!-- Modal -->\n            <div \n                class=\"ekit-popup-modal ekit-popup-modal__inside middle center\" \n                data-toggleafter=\"0\"\n                data-toggletype=\"button\"\n                data-cookieconsent=\"\"\n            >\n                                <div\n                    class=\"ekit-popup-modal__content ekit-popup__content animated animated-normal\" \n                    style=\"\"\n                    data-animation=\"fade-in-up\"\n                >\n                                            <div class=\"ekit-popup-modal__close popup-top-right\">\n                            <i aria-hidden=\"true\" class=\"icon icon-cross\"><\/i>                        <\/div>\n                    \n                    <!-- Start Header -->\n                                            <div class=\"ekit-popup-modal__header ekit-popup__header  ekit-popup-modal__header-with-divider\">\n                            <h4 class=\"ekit-popup-modal__title ekit-popup__title\">\n                                Auto Insurance                            <\/h4>\n                                                        <p class=\"ekit-popup-modal__subtitle ekit-popup__subtitle\">\n                                                            <\/p>\n                                                    <\/div>\n                                        <!-- End Header -->\n\n                    <!-- Start Body -->\n                    <div class=\"ekit-popup-modal__body ekit-popup__body\">\n                        \t\t\t\t\t\t\t<div class=\"ekit-popup__raw-content\">\n\t\t\t\t\t\t\t\t<p>Protects vehicles against collision, theft, fire, and natural events, and may include 24-hour roadside assistance, replacement vehicle, and glass\/accessory coverage.<br \/><strong>Coverage<\/strong><br \/>\u2022 Physical damage (own vehicle)<br \/>\u2022 Third-party liability (Auto RC)<br \/>\u2022 Assistance and optional add-ons<br \/><strong>Who can purchase<\/strong><br \/>Individuals or companies owning or using the vehicle.<br \/><strong>Beneficiary<\/strong><br \/>The insured (own damage) and\/or third party (liability).<\/p>\t\t\t\t\t\t\t<\/div>\n\t\t\t\t\t\t                    <\/div>\n                    <!-- Emd Body -->\n\n                    <!-- Start Footer -->\n                                            <div class=\"ekit-popup-modal__footer ekit-popup-footer\">\n                            <div \n                                class='ekit-popup-modal__actions'\n                                style=\"\">\n                                                                                            <\/div>\n                        <\/div>\n                                        <!-- End Footer -->\n                <\/div>\n                                    <div class=\"ekit-popup-modal__overlay ekit-popup__close\"><\/div>\n                            <\/div>\n        <!-- End Markup -->\n    <\/div>\t\t\t\t<\/div>\n\t\t\t\t<\/div>\n\t\t\t\t<div class=\"elementor-element elementor-element-052bdab elementor-widget elementor-widget-elementskit-popup-modal\" data-id=\"052bdab\" data-element_type=\"widget\" data-settings=\"{&quot;ekit_we_effect_on&quot;:&quot;none&quot;}\" data-widget_type=\"elementskit-popup-modal.default\">\n\t\t\t\t<div class=\"elementor-widget-container\">\n\t\t\t\t\t<div class=\"ekit-wid-con\" >        <!-- Start Markup -->\n                            <div class='ekit-popup-modal__toggler-wrapper'>\n                    <!-- Button trigger modal -->\n                    <button \n                        type=\"button\" \n                        class=\"elementskit-btn ekit-popup-btn ekit-popup-btn__filled ekit-popup__toggler ekit-popup-modal-toggler whitespace--normal\" \n                        data-toggle=\"modal\" \n                        data-target=\"#ekit-popup-modal\"\n                        id=\"ekit-popup-modal-toggler\"\n                    >\n                                                    <div class='ekit-popup-btn__has-icon'>\n                                <i aria-hidden=\"true\" class=\"icon icon-play1\"><\/i>                                Pet Insurance\n                                                            <\/div>\n                                            <\/button>\n                <\/div>\n            \n            <!-- Modal -->\n            <div \n                class=\"ekit-popup-modal ekit-popup-modal__inside middle center\" \n                data-toggleafter=\"0\"\n                data-toggletype=\"button\"\n                data-cookieconsent=\"\"\n            >\n                                <div\n                    class=\"ekit-popup-modal__content ekit-popup__content animated animated-normal\" \n                    style=\"\"\n                    data-animation=\"fade-in-up\"\n                >\n                                            <div class=\"ekit-popup-modal__close popup-top-right\">\n                            <i aria-hidden=\"true\" class=\"icon icon-cross\"><\/i>                        <\/div>\n                    \n                    <!-- Start Header -->\n                                            <div class=\"ekit-popup-modal__header ekit-popup__header  ekit-popup-modal__header-with-divider\">\n                            <h4 class=\"ekit-popup-modal__title ekit-popup__title\">\n                                Pet Insurance                            <\/h4>\n                                                        <p class=\"ekit-popup-modal__subtitle ekit-popup__subtitle\">\n                                                            <\/p>\n                                                    <\/div>\n                                        <!-- End Header -->\n\n                    <!-- Start Body -->\n                    <div class=\"ekit-popup-modal__body ekit-popup__body\">\n                        \t\t\t\t\t\t\t<div class=\"ekit-popup__raw-content\">\n\t\t\t\t\t\t\t\t<p>Designed for companion animals, covering veterinary expenses for illness or accidents (consultations, exams, surgeries, hospitalization) and may include funeral, transport, and boarding services.<br \/><strong>Coverage<\/strong><br \/>\u2022 Veterinary consultations, surgeries, exams, and hospitalization<br \/>\u2022 Emergency and assistance services<br \/><strong>Who can purchase<\/strong><br \/>Individuals who own pets.<br \/><strong>Beneficiary<\/strong><br \/>The insured (pet owner), through reimbursement or services provided.<\/p>\t\t\t\t\t\t\t<\/div>\n\t\t\t\t\t\t                    <\/div>\n                    <!-- Emd Body -->\n\n                    <!-- Start Footer -->\n                                            <div class=\"ekit-popup-modal__footer ekit-popup-footer\">\n                            <div \n                                class='ekit-popup-modal__actions'\n                                style=\"\">\n                                                                                            <\/div>\n                        <\/div>\n                                        <!-- End Footer -->\n                <\/div>\n                                    <div class=\"ekit-popup-modal__overlay ekit-popup__close\"><\/div>\n                            <\/div>\n        <!-- End Markup -->\n    <\/div>\t\t\t\t<\/div>\n\t\t\t\t<\/div>\n\t\t\t\t<div class=\"elementor-element elementor-element-8e8cbe5 elementor-widget elementor-widget-elementskit-popup-modal\" data-id=\"8e8cbe5\" data-element_type=\"widget\" data-settings=\"{&quot;ekit_we_effect_on&quot;:&quot;none&quot;}\" data-widget_type=\"elementskit-popup-modal.default\">\n\t\t\t\t<div class=\"elementor-widget-container\">\n\t\t\t\t\t<div class=\"ekit-wid-con\" >        <!-- Start Markup -->\n                            <div class='ekit-popup-modal__toggler-wrapper'>\n                    <!-- Button trigger modal -->\n                    <button \n                        type=\"button\" \n                        class=\"elementskit-btn ekit-popup-btn ekit-popup-btn__filled ekit-popup__toggler ekit-popup-modal-toggler whitespace--normal\" \n                        data-toggle=\"modal\" \n                        data-target=\"#ekit-popup-modal\"\n                        id=\"ekit-popup-modal-toggler\"\n                    >\n                                                    <div class='ekit-popup-btn__has-icon'>\n                                <i aria-hidden=\"true\" class=\"icon icon-play1\"><\/i>                                Homeowners \/ Residential Insurance\n                                                            <\/div>\n                                            <\/button>\n                <\/div>\n            \n            <!-- Modal -->\n            <div \n                class=\"ekit-popup-modal ekit-popup-modal__inside middle center\" \n                data-toggleafter=\"0\"\n                data-toggletype=\"button\"\n                data-cookieconsent=\"\"\n            >\n                                <div\n                    class=\"ekit-popup-modal__content ekit-popup__content animated animated-normal\" \n                    style=\"\"\n                    data-animation=\"fade-in-up\"\n                >\n                                            <div class=\"ekit-popup-modal__close popup-top-right\">\n                            <i aria-hidden=\"true\" class=\"icon icon-cross\"><\/i>                        <\/div>\n                    \n                    <!-- Start Header -->\n                                            <div class=\"ekit-popup-modal__header ekit-popup__header  ekit-popup-modal__header-with-divider\">\n                            <h4 class=\"ekit-popup-modal__title ekit-popup__title\">\n                                Homeowners \/ Residential Insurance                            <\/h4>\n                                                        <p class=\"ekit-popup-modal__subtitle ekit-popup__subtitle\">\n                                                            <\/p>\n                                                    <\/div>\n                                        <!-- End Header -->\n\n                    <!-- Start Body -->\n                    <div class=\"ekit-popup-modal__body ekit-popup__body\">\n                        \t\t\t\t\t\t\t<div class=\"ekit-popup__raw-content\">\n\t\t\t\t\t\t\t\t<p>Protects the insured home against fire, theft, electrical damage, windstorm, flooding, and other events, and may include 24-hour assistance services (locksmith, plumbing, electrical).<br \/><strong>Coverage<\/strong><br \/>\u2022 Damage to the property and its contents<br \/>\u2022 Personal liability (Family RC)<br \/>\u2022 Emergency assistance services<br \/><strong>Who can purchase<\/strong><br \/>Homeowners or tenants.<br \/><strong>Beneficiary<\/strong><br \/>The insured and, when applicable, affected third parties.<\/p>\t\t\t\t\t\t\t<\/div>\n\t\t\t\t\t\t                    <\/div>\n                    <!-- Emd Body -->\n\n                    <!-- Start Footer -->\n                                            <div class=\"ekit-popup-modal__footer ekit-popup-footer\">\n                            <div \n                                class='ekit-popup-modal__actions'\n                                style=\"\">\n                                                                                            <\/div>\n                        <\/div>\n                                        <!-- End Footer -->\n                <\/div>\n                                    <div class=\"ekit-popup-modal__overlay ekit-popup__close\"><\/div>\n                            <\/div>\n        <!-- End Markup -->\n    <\/div>\t\t\t\t<\/div>\n\t\t\t\t<\/div>\n\t\t\t\t<div class=\"elementor-element elementor-element-cbc4907 elementor-widget elementor-widget-elementskit-popup-modal\" data-id=\"cbc4907\" data-element_type=\"widget\" data-settings=\"{&quot;ekit_we_effect_on&quot;:&quot;none&quot;}\" data-widget_type=\"elementskit-popup-modal.default\">\n\t\t\t\t<div class=\"elementor-widget-container\">\n\t\t\t\t\t<div class=\"ekit-wid-con\" >        <!-- Start Markup -->\n                            <div class='ekit-popup-modal__toggler-wrapper'>\n                    <!-- Button trigger modal -->\n                    <button \n                        type=\"button\" \n                        class=\"elementskit-btn ekit-popup-btn ekit-popup-btn__filled ekit-popup__toggler ekit-popup-modal-toggler whitespace--normal\" \n                        data-toggle=\"modal\" \n                        data-target=\"#ekit-popup-modal\"\n                        id=\"ekit-popup-modal-toggler\"\n                    >\n                                                    <div class='ekit-popup-btn__has-icon'>\n                                <i aria-hidden=\"true\" class=\"icon icon-play1\"><\/i>                                Professional Liability Insurance (E&amp;O)\n                                                            <\/div>\n                                            <\/button>\n                <\/div>\n            \n            <!-- Modal -->\n            <div \n                class=\"ekit-popup-modal ekit-popup-modal__inside middle center\" \n                data-toggleafter=\"0\"\n                data-toggletype=\"button\"\n                data-cookieconsent=\"\"\n            >\n                                <div\n                    class=\"ekit-popup-modal__content ekit-popup__content animated animated-normal\" \n                    style=\"\"\n                    data-animation=\"fade-in-up\"\n                >\n                                            <div class=\"ekit-popup-modal__close popup-top-right\">\n                            <i aria-hidden=\"true\" class=\"icon icon-cross\"><\/i>                        <\/div>\n                    \n                    <!-- Start Header -->\n                                            <div class=\"ekit-popup-modal__header ekit-popup__header  ekit-popup-modal__header-with-divider\">\n                            <h4 class=\"ekit-popup-modal__title ekit-popup__title\">\n                                Professional Liability Insurance (E&amp;O)                            <\/h4>\n                                                        <p class=\"ekit-popup-modal__subtitle ekit-popup__subtitle\">\n                                                            <\/p>\n                                                    <\/div>\n                                        <!-- End Header -->\n\n                    <!-- Start Body -->\n                    <div class=\"ekit-popup-modal__body ekit-popup__body\">\n                        \t\t\t\t\t\t\t<div class=\"ekit-popup__raw-content\">\n\t\t\t\t\t\t\t\t<p>Designed for self-employed professionals and service providers (doctors, lawyers, engineers, consultants), it covers errors, omissions, or negligence that cause financial loss to third parties.<br \/><strong>Coverage<\/strong><br \/>\u2022 Property damage, bodily injury, and non-material damages<br \/>\u2022 Legal defense costs, as per policy terms<br \/><strong>Who can purchase<\/strong><br \/>Professionals or service firms.<br \/><strong>Beneficiary<\/strong><br \/>The insured (through reimbursement or direct payment to the claimant).<\/p>\t\t\t\t\t\t\t<\/div>\n\t\t\t\t\t\t                    <\/div>\n                    <!-- Emd Body -->\n\n                    <!-- Start Footer -->\n                                            <div class=\"ekit-popup-modal__footer ekit-popup-footer\">\n                            <div \n                                class='ekit-popup-modal__actions'\n                                style=\"\">\n                                                                                            <\/div>\n                        <\/div>\n                                        <!-- End Footer -->\n                <\/div>\n                                    <div class=\"ekit-popup-modal__overlay ekit-popup__close\"><\/div>\n                            <\/div>\n        <!-- End Markup -->\n    <\/div>\t\t\t\t<\/div>\n\t\t\t\t<\/div>\n\t\t\t\t<div class=\"elementor-element elementor-element-d8aed01 elementor-widget elementor-widget-elementskit-popup-modal\" data-id=\"d8aed01\" data-element_type=\"widget\" data-settings=\"{&quot;ekit_we_effect_on&quot;:&quot;none&quot;}\" data-widget_type=\"elementskit-popup-modal.default\">\n\t\t\t\t<div class=\"elementor-widget-container\">\n\t\t\t\t\t<div class=\"ekit-wid-con\" >        <!-- Start Markup -->\n                            <div class='ekit-popup-modal__toggler-wrapper'>\n                    <!-- Button trigger modal -->\n                    <button \n                        type=\"button\" \n                        class=\"elementskit-btn ekit-popup-btn ekit-popup-btn__filled ekit-popup__toggler ekit-popup-modal-toggler whitespace--normal\" \n                        data-toggle=\"modal\" \n                        data-target=\"#ekit-popup-modal\"\n                        id=\"ekit-popup-modal-toggler\"\n                    >\n                                                    <div class='ekit-popup-btn__has-icon'>\n                                <i aria-hidden=\"true\" class=\"icon icon-play1\"><\/i>                                Credit Life Insurance\n                                                            <\/div>\n                                            <\/button>\n                <\/div>\n            \n            <!-- Modal -->\n            <div \n                class=\"ekit-popup-modal ekit-popup-modal__inside middle center\" \n                data-toggleafter=\"0\"\n                data-toggletype=\"button\"\n                data-cookieconsent=\"\"\n            >\n                                <div\n                    class=\"ekit-popup-modal__content ekit-popup__content animated animated-normal\" \n                    style=\"\"\n                    data-animation=\"fade-in-up\"\n                >\n                                            <div class=\"ekit-popup-modal__close popup-top-right\">\n                            <i aria-hidden=\"true\" class=\"icon icon-cross\"><\/i>                        <\/div>\n                    \n                    <!-- Start Header -->\n                                            <div class=\"ekit-popup-modal__header ekit-popup__header  ekit-popup-modal__header-with-divider\">\n                            <h4 class=\"ekit-popup-modal__title ekit-popup__title\">\n                                Credit Life Insurance                            <\/h4>\n                                                        <p class=\"ekit-popup-modal__subtitle ekit-popup__subtitle\">\n                                                            <\/p>\n                                                    <\/div>\n                                        <!-- End Header -->\n\n                    <!-- Start Body -->\n                    <div class=\"ekit-popup-modal__body ekit-popup__body\">\n                        \t\t\t\t\t\t\t<div class=\"ekit-popup__raw-content\">\n\t\t\t\t\t\t\t\t<p>Guarantees full or partial settlement of debts when the insured suffers a covered event (death, disability, unemployment, incapacity), protecting both creditor and borrower.<br \/><strong>Coverage<\/strong><br \/>\u2022 Death and disability<br \/>\u2022 Unemployment and critical illness<br \/><strong>Who can purchase<\/strong><br \/>Lending institutions (with borrower participation) or the borrower directly.<br \/><strong>Beneficiary<\/strong><br \/>The creditor, up to the debt limit; any remaining balance goes to the insured or designated beneficiary.<\/p>\t\t\t\t\t\t\t<\/div>\n\t\t\t\t\t\t                    <\/div>\n                    <!-- Emd Body -->\n\n                    <!-- Start Footer -->\n                                            <div class=\"ekit-popup-modal__footer ekit-popup-footer\">\n                            <div \n                                class='ekit-popup-modal__actions'\n                                style=\"\">\n                                                                                            <\/div>\n                        <\/div>\n                                        <!-- End Footer -->\n                <\/div>\n                                    <div class=\"ekit-popup-modal__overlay ekit-popup__close\"><\/div>\n                            <\/div>\n        <!-- End Markup -->\n    <\/div>\t\t\t\t<\/div>\n\t\t\t\t<\/div>\n\t\t\t\t\t<\/div>\n\t\t<\/div>\n\t\t\t\t\t<\/div>\n\t\t<\/section>\n\t\t\t\t<\/div>","protected":false},"excerpt":{"rendered":"<p>Para Pessoas Seguro Auto Seguro Auto Protege ve\u00edculos contra colis\u00e3o, roubo, furto, inc\u00eandio e eventos da natureza, podendo incluir carro reserva, assist\u00eancia 24 h e cobertura para vidros e acess\u00f3rios.Coberturas\u2022 Casco (dano pr\u00f3prio)\u2022 Responsabilidade civil facultativa (RCF-V)\u2022 Assist\u00eancias e adicionais conforme contrata\u00e7\u00e3oQuem pode contratarPessoa f\u00edsica ou jur\u00eddica propriet\u00e1ria ou usu\u00e1ria do ve\u00edculo.Benefici\u00e1rioO segurado (dano pr\u00f3prio) [&hellip;]<\/p>","protected":false},"author":1,"featured_media":0,"parent":0,"menu_order":0,"comment_status":"closed","ping_status":"closed","template":"elementor_header_footer","meta":{"footnotes":""},"class_list":["post-2771","page","type-page","status-publish","hentry"],"_links":{"self":[{"href":"https:\/\/consepro.com.br\/en\/wp-json\/wp\/v2\/pages\/2771","targetHints":{"allow":["GET"]}}],"collection":[{"href":"https:\/\/consepro.com.br\/en\/wp-json\/wp\/v2\/pages"}],"about":[{"href":"https:\/\/consepro.com.br\/en\/wp-json\/wp\/v2\/types\/page"}],"author":[{"embeddable":true,"href":"https:\/\/consepro.com.br\/en\/wp-json\/wp\/v2\/users\/1"}],"replies":[{"embeddable":true,"href":"https:\/\/consepro.com.br\/en\/wp-json\/wp\/v2\/comments?post=2771"}],"version-history":[{"count":19,"href":"https:\/\/consepro.com.br\/en\/wp-json\/wp\/v2\/pages\/2771\/revisions"}],"predecessor-version":[{"id":3176,"href":"https:\/\/consepro.com.br\/en\/wp-json\/wp\/v2\/pages\/2771\/revisions\/3176"}],"wp:attachment":[{"href":"https:\/\/consepro.com.br\/en\/wp-json\/wp\/v2\/media?parent=2771"}],"curies":[{"name":"wp","href":"https:\/\/api.w.org\/{rel}","templated":true}]}}